{"id":1563,"date":"2024-12-07T06:40:37","date_gmt":"2024-12-07T06:40:37","guid":{"rendered":"http:\/\/localhost\/bentol\/?page_id=1563"},"modified":"2026-03-23T15:25:28","modified_gmt":"2026-03-23T14:25:28","slug":"contact","status":"publish","type":"page","link":"https:\/\/infinity-africa.ventures\/en\/contact\/","title":{"rendered":"Contact"},"content":{"rendered":"<div data-elementor-type=\"wp-page\" data-elementor-id=\"1563\" class=\"elementor elementor-1563\" data-elementor-post-type=\"page\">\n\t\t\t\t<div data-particle_enable=\"false\" data-particle-mobile-disabled=\"false\" class=\"elementor-element elementor-element-7609bb7 e-con-full e-flex e-con e-parent\" data-id=\"7609bb7\" data-element_type=\"container\" data-e-type=\"container\">\n\t\t\t\t<div class=\"elementor-element elementor-element-1efc1a7 elementor-widget elementor-widget-nexta-contact-two\" data-id=\"1efc1a7\" data-element_type=\"widget\" data-e-type=\"widget\" data-widget_type=\"nexta-contact-two.default\">\n\t\t\t\t<div class=\"elementor-widget-container\">\n\t\t\t\t\t\r\n        <section class=\"contact-section style-2 space bg-theme3\">\r\n            <div class=\"container\">\r\n                <div class=\"row gy-30\">\r\n                    <div class=\"col-lg-5\">\r\n                        <div class=\"contact-content-wrap\">\r\n                            <div class=\"title-area twoT\">\r\n                                <div class=\"sub-title\">\r\n                                                                            <span><i class=\"asterisk\"><\/i><\/span>CONTACTEZ-NOUS                                                                    <\/div>\r\n                                <h2 class=\"sec-title\">Rejoignez l\u2019univers de<br> <span class=\"bold\"> Infinity Africa Ventures <\/span> <\/h2>\r\n                                <p class=\"sec-text text-gray\">Discutons de vos opportunit\u00e9s d\u2019investissement, de financement ou\nde collaboration. <\/p>\r\n                            <\/div>\r\n                            <div class=\"contact-info\">\r\n                                                                    <div class=\"contact-item\">\r\n                                        <div class=\"icon\">\r\n                                                                                            <i class=\"fa-sharp fa-regular fa-location-dot\"><\/i>\r\n                                                                                    <\/div>\r\n                                        <div class=\"info\">\r\n                                            <h4 class=\"title\">Notre adresse<\/h4>\r\n                                            <div class=\"content\">\r\n                                                La Villa Nova, Rue b5 Cocody Corniche, Abidjan                                            <\/div>\r\n                                        <\/div>\r\n                                    <\/div>\r\n                                                                    <div class=\"contact-item\">\r\n                                        <div class=\"icon\">\r\n                                                                                            <svg aria-hidden=\"true\" class=\"e-font-icon-svg e-fas-phone-alt\" viewbox=\"0 0 512 512\" xmlns=\"http:\/\/www.w3.org\/2000\/svg\"><path d=\"M497.39 361.8l-112-48a24 24 0 0 0-28 6.9l-49.6 60.6A370.66 370.66 0 0 1 130.6 204.11l60.6-49.6a23.94 23.94 0 0 0 6.9-28l-48-112A24.16 24.16 0 0 0 122.6.61l-104 24A24 24 0 0 0 0 48c0 256.5 207.9 464 464 464a24 24 0 0 0 23.4-18.6l24-104a24.29 24.29 0 0 0-14.01-27.6z\"><\/path><\/svg>                                                                                    <\/div>\r\n                                        <div class=\"info\">\r\n                                            <h4 class=\"title\">Nos coordonn\u00e9es<\/h4>\r\n                                            <div class=\"content\">\r\n                                                <a href=\"tel:+225 27 22 22 34 68\">+225 27 22 22 34 68<\/a><br>\n<a href=\"tel:+225 27 22 22 34 64\">+225 27 22 22 34 64<\/a>                                            <\/div>\r\n                                        <\/div>\r\n                                    <\/div>\r\n                                                                    <div class=\"contact-item\">\r\n                                        <div class=\"icon\">\r\n                                                                                            <svg aria-hidden=\"true\" class=\"e-font-icon-svg e-far-envelope\" viewbox=\"0 0 512 512\" xmlns=\"http:\/\/www.w3.org\/2000\/svg\"><path d=\"M464 64H48C21.49 64 0 85.49 0 112v288c0 26.51 21.49 48 48 48h416c26.51 0 48-21.49 48-48V112c0-26.51-21.49-48-48-48zm0 48v40.805c-22.422 18.259-58.168 46.651-134.587 106.49-16.841 13.247-50.201 45.072-73.413 44.701-23.208.375-56.579-31.459-73.413-44.701C106.18 199.465 70.425 171.067 48 152.805V112h416zM48 400V214.398c22.914 18.251 55.409 43.862 104.938 82.646 21.857 17.205 60.134 55.186 103.062 54.955 42.717.231 80.509-37.199 103.053-54.947 49.528-38.783 82.032-64.401 104.947-82.653V400H48z\"><\/path><\/svg>                                                                                    <\/div>\r\n                                        <div class=\"info\">\r\n                                            <h4 class=\"title\">Envoyez un mail<\/h4>\r\n                                            <div class=\"content\">\r\n                                                <a href=\"mailto:contact@infinity-africa.ventures\">contact@infinity-africa.ventures<\/a><br>\n                                            <\/div>\r\n                                        <\/div>\r\n                                    <\/div>\r\n                                                            <\/div>\r\n                            <div class=\"social-links\">\r\n                                                                    <a href=\"https:\/\/www.facebook.com\/InfinityAfricaVentures\">\r\n                                        <span class=\"link-effect\">\r\n                                            <span class=\"effect-1\">Facebook<\/span>\r\n                                            <span class=\"effect-1\">Facebook<\/span>\r\n                                        <\/span>\r\n                                    <\/a>\r\n                                                                    <a href=\"https:\/\/www.linkedin.com\/company\/infinity-africa-ventures\/\">\r\n                                        <span class=\"link-effect\">\r\n                                            <span class=\"effect-1\">Linkedln<\/span>\r\n                                            <span class=\"effect-1\">Linkedln<\/span>\r\n                                        <\/span>\r\n                                    <\/a>\r\n                                                                    <a href=\"https:\/\/www.instagram.com\/infinity_africa_ventures?igsh=Y2F6MjBsdThiY2pk\">\r\n                                        <span class=\"link-effect\">\r\n                                            <span class=\"effect-1\">Instagram<\/span>\r\n                                            <span class=\"effect-1\">Instagram<\/span>\r\n                                        <\/span>\r\n                                    <\/a>\r\n                                                            <\/div>\r\n                        <\/div>\r\n                    <\/div>\r\n                    <div class=\"col-lg-7\">\r\n                        <div class=\"contact-form\">\r\n                            <h2 class=\"title mt--5 mb-35\">Entrons en contact<\/h2>\r\n                            \n<div class=\"wpcf7 no-js\" id=\"wpcf7-f2256-o1\" lang=\"en-US\" dir=\"ltr\" data-wpcf7-id=\"2256\">\n<div class=\"screen-reader-response\"><p role=\"status\" aria-live=\"polite\" aria-atomic=\"true\"><\/p> <ul><\/ul><\/div>\n<form action=\"\/en\/wp-json\/wp\/v2\/pages\/1563#wpcf7-f2256-o1\" method=\"post\" class=\"wpcf7-form init\" aria-label=\"Contact form\" novalidate=\"novalidate\" data-status=\"init\" data-trp-original-action=\"\/en\/wp-json\/wp\/v2\/pages\/1563#wpcf7-f2256-o1\">\n<fieldset class=\"hidden-fields-container\"><input type=\"hidden\" name=\"_wpcf7\" value=\"2256\" \/><input type=\"hidden\" name=\"_wpcf7_version\" value=\"6.1.5\" \/><input type=\"hidden\" name=\"_wpcf7_locale\" value=\"en_US\" \/><input type=\"hidden\" name=\"_wpcf7_unit_tag\" value=\"wpcf7-f2256-o1\" \/><input type=\"hidden\" name=\"_wpcf7_container_post\" value=\"0\" \/><input type=\"hidden\" name=\"_wpcf7_posted_data_hash\" value=\"\" \/>\n<\/fieldset>\n<div id=\"contact_form\" class=\"contact_form\">\n    <div class=\"form-grid\">\n        <div class=\"form-group\">\n            <span class=\"icon\"><i class=\"fa-solid fa-user\"><\/i><\/span>\n            <span class=\"wpcf7-form-control-wrap\" data-name=\"your-name\"><input size=\"40\" maxlength=\"400\" class=\"wpcf7-form-control wpcf7-text\" aria-invalid=\"false\" placeholder=\"Nom &amp; Pr\u00e9nom\" value=\"\" type=\"text\" name=\"your-name\" \/><\/span>\n        <\/div>\n        <div class=\"form-group\">\n            <span class=\"icon\"><i class=\"fa-regular fa-envelope\"><\/i><\/span>\n            <span class=\"wpcf7-form-control-wrap\" data-name=\"your-email\"><input size=\"40\" maxlength=\"400\" class=\"wpcf7-form-control wpcf7-email wpcf7-validates-as-required wpcf7-text wpcf7-validates-as-email\" aria-required=\"true\" aria-invalid=\"false\" placeholder=\"Adresse Email\" value=\"\" type=\"email\" name=\"your-email\" \/><\/span>\n        <\/div>\n    <\/div>\n    <div class=\"form-grid\">\n        <div class=\"form-group\">\n            <span class=\"icon\"><i class=\"fa-solid fa-phone\"><\/i><\/span>\n            <span class=\"wpcf7-form-control-wrap\" data-name=\"your-phone\"><input size=\"40\" maxlength=\"400\" class=\"wpcf7-form-control wpcf7-tel wpcf7-text wpcf7-validates-as-tel\" aria-invalid=\"false\" placeholder=\"Num\u00e9ro de t\u00e9l\u00e9phone.\" value=\"\" type=\"tel\" name=\"your-phone\" \/><\/span>\n        <\/div>\n        <div class=\"form-group\">\n            <span class=\"wpcf7-form-control-wrap\" data-name=\"your-service\"><select class=\"wpcf7-form-control wpcf7-select\" aria-invalid=\"false\" name=\"your-service\"><option value=\"\">Objet de votre demande<\/option><option value=\"Investissement\">Investissement<\/option><option value=\"Startup\">Startup<\/option><option value=\"Partenariat\">Partenariat<\/option><option value=\"Founders Academy\">Founders Academy<\/option><option value=\"Autre\">Autre<\/option><\/select><\/span>\n        <\/div>\n    <\/div>\n    <div class=\"form-group\">\n        <span class=\"wpcf7-form-control-wrap\" data-name=\"your-message\"><textarea cols=\"30\" rows=\"5\" maxlength=\"2000\" class=\"wpcf7-form-control wpcf7-textarea wpcf7-validates-as-required\" aria-required=\"true\" aria-invalid=\"false\" placeholder=\"Votre message\" name=\"your-message\"><\/textarea><\/span>\n    <\/div>\n    <div class=\"form-group terms\">\n        <span class=\"wpcf7-form-control-wrap\" data-name=\"terms\"><span class=\"wpcf7-form-control wpcf7-acceptance optional\"><span class=\"wpcf7-list-item\"><label><input type=\"checkbox\" name=\"terms\" value=\"1\" aria-invalid=\"false\" \/><span class=\"wpcf7-list-item-label\">J\u2019accepte les termes et conditions.<\/span><\/label><\/span><\/span><\/span>\n    <\/div>\n    <button type=\"submit\" class=\"theme-btn bg-dark mt-35\">\n        <span class=\"link-effect\">\n            <span class=\"btn-title\">Soumettre ma demande<\/span>\n        <\/span><i class=\"fa-regular fa-arrow-right-long\"><\/i>\n    <\/button>\n<\/div><p style=\"display: none !important;\" class=\"akismet-fields-container\" data-prefix=\"_wpcf7_ak_\"><label>&#916;<textarea name=\"_wpcf7_ak_hp_textarea\" cols=\"45\" rows=\"8\" maxlength=\"100\"><\/textarea><\/label><input type=\"hidden\" id=\"ak_js_1\" name=\"_wpcf7_ak_js\" value=\"239\"\/><script>document.getElementById( \"ak_js_1\" ).setAttribute( \"value\", ( new Date() ).getTime() );<\/script><\/p><div class=\"wpcf7-response-output\" aria-hidden=\"true\"><\/div>\n<input type=\"hidden\" name=\"trp-form-language\" value=\"en\"\/><\/form>\n<\/div>\n                        <\/div>\r\n                    <\/div>\r\n                <\/div>\r\n            <\/div>\r\n        <\/section>\r\n\r\n\r\n        \t\t\t\t<\/div>\n\t\t\t\t<\/div>\n\t\t\t\t<\/div>\n\t\t<div data-particle_enable=\"false\" data-particle-mobile-disabled=\"false\" class=\"elementor-element elementor-element-18e70e2 e-con-full e-flex e-con e-parent\" data-id=\"18e70e2\" data-element_type=\"container\" data-e-type=\"container\">\n\t\t\t\t<div class=\"elementor-element elementor-element-be3b2d2 elementor-widget elementor-widget-google_maps\" data-id=\"be3b2d2\" data-element_type=\"widget\" data-e-type=\"widget\" data-widget_type=\"google_maps.default\">\n\t\t\t\t\t\t\t<div class=\"elementor-custom-embed\">\n\t\t\t<iframe loading=\"lazy\"\n\t\t\t\t\tsrc=\"https:\/\/maps.google.com\/maps?q=8XVP%2BC55%2C%20Bd%20Hassan%20II%2C%20Abidjan&#038;t=m&#038;z=16&#038;output=embed&#038;iwloc=near\"\n\t\t\t\t\ttitle=\"8XVP+C55, Bd Hassan II, Abidjan\"\n\t\t\t\t\taria-label=\"8XVP+C55, Bd Hassan II, Abidjan\"\n\t\t\t><\/iframe>\n\t\t<\/div>\n\t\t\t\t\t\t<\/div>\n\t\t\t\t<\/div>\n\t\t\t\t<\/div>","protected":false},"excerpt":{"rendered":"<p>CONTACTEZ-NOUS Rejoignez l\u2019univers de Infinity Africa Ventures Discutons de vos opportunit\u00e9s d\u2019investissement, de financement ou de collaboration. Notre adresse La Villa Nova, Rue b5 Cocody Corniche, Abidjan Nos coordonn\u00e9es +225 27 22 22 34 68 +225 27 22 22 34 64 Envoyez un mail contact@infinity-africa.ventures Facebook Facebook Linkedln Linkedln Instagram Instagram Entrons en contact Objet <\/p>","protected":false},"author":1,"featured_media":0,"parent":0,"menu_order":0,"comment_status":"closed","ping_status":"closed","template":"","meta":{"_acf_changed":false,"_coblocks_attr":"","_coblocks_dimensions":"","_coblocks_responsive_height":"","_coblocks_accordion_ie_support":"","footnotes":"","_links_to":"","_links_to_target":""},"class_list":["post-1563","page","type-page","status-publish","hentry"],"acf":[],"yoast_head":"<!-- This site is optimized with the Yoast SEO plugin v27.3 - https:\/\/yoast.com\/product\/yoast-seo-wordpress\/ -->\n<title>Contact - Infinity Africa Ventures<\/title>\n<meta name=\"robots\" content=\"index, follow, max-snippet:-1, max-image-preview:large, max-video-preview:-1\" \/>\n<link rel=\"canonical\" href=\"https:\/\/infinity-africa.ventures\/en\/contact\/\" \/>\n<meta property=\"og:locale\" content=\"en_US\" \/>\n<meta property=\"og:type\" content=\"article\" \/>\n<meta property=\"og:title\" content=\"Contact - Infinity Africa Ventures\" \/>\n<meta property=\"og:description\" content=\"CONTACTEZ-NOUS Rejoignez l\u2019univers de Infinity Africa Ventures Discutons de vos opportunit\u00e9s d\u2019investissement, de financement ou de collaboration. Notre adresse La Villa Nova, Rue b5 Cocody Corniche, Abidjan Nos coordonn\u00e9es +225 27 22 22 34 68 +225 27 22 22 34 64 Envoyez un mail contact@infinity-africa.ventures Facebook Facebook Linkedln Linkedln Instagram Instagram Entrons en contact Objet\" \/>\n<meta property=\"og:url\" content=\"https:\/\/infinity-africa.ventures\/en\/contact\/\" \/>\n<meta property=\"og:site_name\" content=\"Infinity Africa Ventures\" \/>\n<meta property=\"article:modified_time\" content=\"2026-03-23T14:25:28+00:00\" \/>\n<meta name=\"twitter:card\" content=\"summary_large_image\" \/>\n<meta name=\"twitter:label1\" content=\"Est. reading time\" \/>\n\t<meta name=\"twitter:data1\" content=\"1 minute\" \/>\n<script type=\"application\/ld+json\" class=\"yoast-schema-graph\">{\"@context\":\"https:\\\/\\\/schema.org\",\"@graph\":[{\"@type\":\"WebPage\",\"@id\":\"https:\\\/\\\/infinity-africa.ventures\\\/contact\\\/\",\"url\":\"https:\\\/\\\/infinity-africa.ventures\\\/contact\\\/\",\"name\":\"Contact - Infinity Africa Ventures\",\"isPartOf\":{\"@id\":\"https:\\\/\\\/infinity-africa.ventures\\\/#website\"},\"datePublished\":\"2024-12-07T06:40:37+00:00\",\"dateModified\":\"2026-03-23T14:25:28+00:00\",\"breadcrumb\":{\"@id\":\"https:\\\/\\\/infinity-africa.ventures\\\/contact\\\/#breadcrumb\"},\"inLanguage\":\"en-US\",\"potentialAction\":[{\"@type\":\"ReadAction\",\"target\":[\"https:\\\/\\\/infinity-africa.ventures\\\/contact\\\/\"]}]},{\"@type\":\"BreadcrumbList\",\"@id\":\"https:\\\/\\\/infinity-africa.ventures\\\/contact\\\/#breadcrumb\",\"itemListElement\":[{\"@type\":\"ListItem\",\"position\":1,\"name\":\"Accueil\",\"item\":\"https:\\\/\\\/infinity-africa.ventures\\\/\"},{\"@type\":\"ListItem\",\"position\":2,\"name\":\"Contact\"}]},{\"@type\":\"WebSite\",\"@id\":\"https:\\\/\\\/infinity-africa.ventures\\\/#website\",\"url\":\"https:\\\/\\\/infinity-africa.ventures\\\/\",\"name\":\"Infinity Africa Ventures\",\"description\":\"\",\"publisher\":{\"@id\":\"https:\\\/\\\/infinity-africa.ventures\\\/#organization\"},\"potentialAction\":[{\"@type\":\"SearchAction\",\"target\":{\"@type\":\"EntryPoint\",\"urlTemplate\":\"https:\\\/\\\/infinity-africa.ventures\\\/?s={search_term_string}\"},\"query-input\":{\"@type\":\"PropertyValueSpecification\",\"valueRequired\":true,\"valueName\":\"search_term_string\"}}],\"inLanguage\":\"en-US\"},{\"@type\":\"Organization\",\"@id\":\"https:\\\/\\\/infinity-africa.ventures\\\/#organization\",\"name\":\"Infinity Africa Ventures\",\"url\":\"https:\\\/\\\/infinity-africa.ventures\\\/\",\"logo\":{\"@type\":\"ImageObject\",\"inLanguage\":\"en-US\",\"@id\":\"https:\\\/\\\/infinity-africa.ventures\\\/#\\\/schema\\\/logo\\\/image\\\/\",\"url\":\"https:\\\/\\\/infinity-africa.ventures\\\/wp-content\\\/uploads\\\/2024\\\/12\\\/Logo-Infinity-Africa-Ventures-e1769115356380.png\",\"contentUrl\":\"https:\\\/\\\/infinity-africa.ventures\\\/wp-content\\\/uploads\\\/2024\\\/12\\\/Logo-Infinity-Africa-Ventures-e1769115356380.png\",\"width\":117,\"height\":40,\"caption\":\"Infinity Africa Ventures\"},\"image\":{\"@id\":\"https:\\\/\\\/infinity-africa.ventures\\\/#\\\/schema\\\/logo\\\/image\\\/\"}}]}<\/script>\n<!-- \/ Yoast SEO plugin. -->","yoast_head_json":{"title":"Contact - Infinity Africa Ventures","robots":{"index":"index","follow":"follow","max-snippet":"max-snippet:-1","max-image-preview":"max-image-preview:large","max-video-preview":"max-video-preview:-1"},"canonical":"https:\/\/infinity-africa.ventures\/en\/contact\/","og_locale":"en_US","og_type":"article","og_title":"Contact - Infinity Africa Ventures","og_description":"CONTACTEZ-NOUS Rejoignez l\u2019univers de Infinity Africa Ventures Discutons de vos opportunit\u00e9s d\u2019investissement, de financement ou de collaboration. Notre adresse La Villa Nova, Rue b5 Cocody Corniche, Abidjan Nos coordonn\u00e9es +225 27 22 22 34 68 +225 27 22 22 34 64 Envoyez un mail contact@infinity-africa.ventures Facebook Facebook Linkedln Linkedln Instagram Instagram Entrons en contact Objet","og_url":"https:\/\/infinity-africa.ventures\/en\/contact\/","og_site_name":"Infinity Africa Ventures","article_modified_time":"2026-03-23T14:25:28+00:00","twitter_card":"summary_large_image","twitter_misc":{"Est. reading time":"1 minute"},"schema":{"@context":"https:\/\/schema.org","@graph":[{"@type":"WebPage","@id":"https:\/\/infinity-africa.ventures\/contact\/","url":"https:\/\/infinity-africa.ventures\/contact\/","name":"Contact - Infinity Africa Ventures","isPartOf":{"@id":"https:\/\/infinity-africa.ventures\/#website"},"datePublished":"2024-12-07T06:40:37+00:00","dateModified":"2026-03-23T14:25:28+00:00","breadcrumb":{"@id":"https:\/\/infinity-africa.ventures\/contact\/#breadcrumb"},"inLanguage":"en-US","potentialAction":[{"@type":"ReadAction","target":["https:\/\/infinity-africa.ventures\/contact\/"]}]},{"@type":"BreadcrumbList","@id":"https:\/\/infinity-africa.ventures\/contact\/#breadcrumb","itemListElement":[{"@type":"ListItem","position":1,"name":"Accueil","item":"https:\/\/infinity-africa.ventures\/"},{"@type":"ListItem","position":2,"name":"Contact"}]},{"@type":"WebSite","@id":"https:\/\/infinity-africa.ventures\/#website","url":"https:\/\/infinity-africa.ventures\/","name":"Infinity Africa Ventures","description":"","publisher":{"@id":"https:\/\/infinity-africa.ventures\/#organization"},"potentialAction":[{"@type":"SearchAction","target":{"@type":"EntryPoint","urlTemplate":"https:\/\/infinity-africa.ventures\/?s={search_term_string}"},"query-input":{"@type":"PropertyValueSpecification","valueRequired":true,"valueName":"search_term_string"}}],"inLanguage":"en-US"},{"@type":"Organization","@id":"https:\/\/infinity-africa.ventures\/#organization","name":"Infinity Africa Ventures","url":"https:\/\/infinity-africa.ventures\/","logo":{"@type":"ImageObject","inLanguage":"en-US","@id":"https:\/\/infinity-africa.ventures\/#\/schema\/logo\/image\/","url":"https:\/\/infinity-africa.ventures\/wp-content\/uploads\/2024\/12\/Logo-Infinity-Africa-Ventures-e1769115356380.png","contentUrl":"https:\/\/infinity-africa.ventures\/wp-content\/uploads\/2024\/12\/Logo-Infinity-Africa-Ventures-e1769115356380.png","width":117,"height":40,"caption":"Infinity Africa Ventures"},"image":{"@id":"https:\/\/infinity-africa.ventures\/#\/schema\/logo\/image\/"}}]}},"_hostinger_reach_plugin_has_subscription_block":false,"_hostinger_reach_plugin_is_elementor":false,"_links":{"self":[{"href":"https:\/\/infinity-africa.ventures\/en\/wp-json\/wp\/v2\/pages\/1563","targetHints":{"allow":["GET"]}}],"collection":[{"href":"https:\/\/infinity-africa.ventures\/en\/wp-json\/wp\/v2\/pages"}],"about":[{"href":"https:\/\/infinity-africa.ventures\/en\/wp-json\/wp\/v2\/types\/page"}],"author":[{"embeddable":true,"href":"https:\/\/infinity-africa.ventures\/en\/wp-json\/wp\/v2\/users\/1"}],"replies":[{"embeddable":true,"href":"https:\/\/infinity-africa.ventures\/en\/wp-json\/wp\/v2\/comments?post=1563"}],"version-history":[{"count":27,"href":"https:\/\/infinity-africa.ventures\/en\/wp-json\/wp\/v2\/pages\/1563\/revisions"}],"predecessor-version":[{"id":7156,"href":"https:\/\/infinity-africa.ventures\/en\/wp-json\/wp\/v2\/pages\/1563\/revisions\/7156"}],"wp:attachment":[{"href":"https:\/\/infinity-africa.ventures\/en\/wp-json\/wp\/v2\/media?parent=1563"}],"curies":[{"name":"wp","href":"https:\/\/api.w.org\/{rel}","templated":true}]}}