{"id":3016,"date":"2025-02-06T08:01:41","date_gmt":"2025-02-06T08:01:41","guid":{"rendered":"http:\/\/localhost\/bentol\/?page_id=3016"},"modified":"2026-03-04T22:27:47","modified_gmt":"2026-03-04T21:27:47","slug":"blogs","status":"publish","type":"page","link":"https:\/\/infinity-africa.ventures\/en\/blogs\/","title":{"rendered":"Blogs"},"content":{"rendered":"<div data-elementor-type=\"wp-post\" data-elementor-id=\"451\" class=\"elementor elementor-451\" data-elementor-post-type=\"post\">\n\t\t\t\t<div data-particle_enable=\"false\" data-particle-mobile-disabled=\"false\" class=\"elementor-element elementor-element-26f38170 e-flex e-con-boxed e-con e-parent\" data-id=\"26f38170\" data-element_type=\"container\" data-e-type=\"container\">\n\t\t\t\t\t<div class=\"e-con-inner\">\n\t\t\t\t<div class=\"elementor-element elementor-element-4ca9851f elementor-widget elementor-widget-text-editor\" data-id=\"4ca9851f\" data-element_type=\"widget\" data-e-type=\"widget\" data-widget_type=\"text-editor.default\">\n\t\t\t\t\t\t\t\t\t\n<p>In an environment where margins for error are small and resources are limited, the<\/p>\n\n<p>technologie devient un facteur cl\u00e9 de diff\u00e9renciation pour les startups <\/p><\/div><\/div><\/div><\/div>&hellip;","protected":false},"excerpt":{"rendered":"<div data-elementor-type=\"wp-post\" data-elementor-id=\"451\" class=\"elementor elementor-451\" data-elementor-post-type=\"post\">\n\t\t\t\t<div data-particle_enable=\"false\" data-particle-mobile-disabled=\"false\" class=\"elementor-element elementor-element-26f38170 e-flex e-con-boxed e-con e-parent\" data-id=\"26f38170\" data-element_type=\"container\" data-e-type=\"container\">\n\t\t\t\t\t<div class=\"e-con-inner\">\n\t\t\t\t<div class=\"elementor-element elementor-element-4ca9851f elementor-widget elementor-widget-text-editor\" data-id=\"4ca9851f\" data-element_type=\"widget\" data-e-type=\"widget\" data-widget_type=\"text-editor.default\">\n\t\t\t\t\t\t\t\t\t\n<p>In an environment where margins for error are small and resources are limited, the<\/p>\n\n<p>technologie devient un facteur cl\u00e9 de diff\u00e9renciation pour les startups <\/p><\/div><\/div><\/div><\/div>&hellip;","protected":false},"author":1,"featured_media":0,"parent":0,"menu_order":0,"comment_status":"closed","ping_status":"closed","template":"elementor_theme","meta":{"_acf_changed":false,"_coblocks_attr":"","_coblocks_dimensions":"","_coblocks_responsive_height":"","_coblocks_accordion_ie_support":"","footnotes":"","_links_to":"","_links_to_target":""},"class_list":["post-3016","page","type-page","status-publish","hentry"],"acf":[],"yoast_head":"<!-- This site is optimized with the Yoast SEO plugin v27.3 - https:\/\/yoast.com\/product\/yoast-seo-wordpress\/ -->\n<title>Blogs - Infinity Africa Ventures<\/title>\n<meta name=\"robots\" content=\"index, follow, max-snippet:-1, max-image-preview:large, max-video-preview:-1\" \/>\n<link rel=\"canonical\" href=\"https:\/\/infinity-africa.ventures\/en\/blogs\/\" \/>\n<meta property=\"og:locale\" content=\"en_US\" \/>\n<meta property=\"og:type\" content=\"article\" \/>\n<meta property=\"og:title\" content=\"Blogs - Infinity Africa Ventures\" \/>\n<meta property=\"og:description\" content=\"Dans un environnement o\u00f9 les marges d\u2019erreur sont faibles et les ressources limit\u00e9es, la technologie devient un facteur cl\u00e9 de diff\u00e9renciation pour les startups &hellip;\" \/>\n<meta property=\"og:url\" content=\"https:\/\/infinity-africa.ventures\/en\/blogs\/\" \/>\n<meta property=\"og:site_name\" content=\"Infinity Africa Ventures\" \/>\n<meta property=\"article:modified_time\" content=\"2026-03-04T21:27:47+00:00\" \/>\n<meta property=\"og:image\" content=\"https:\/\/infinity-africa.ventures\/wp-content\/uploads\/2024\/11\/IMAGE-ARTICLE-1.jpg\" \/>\n<meta name=\"twitter:card\" content=\"summary_large_image\" \/>\n<meta name=\"twitter:label1\" content=\"Est. reading time\" \/>\n\t<meta name=\"twitter:data1\" content=\"3 minutes\" \/>\n<script type=\"application\/ld+json\" class=\"yoast-schema-graph\">{\"@context\":\"https:\\\/\\\/schema.org\",\"@graph\":[{\"@type\":\"WebPage\",\"@id\":\"https:\\\/\\\/infinity-africa.ventures\\\/blogs\\\/\",\"url\":\"https:\\\/\\\/infinity-africa.ventures\\\/blogs\\\/\",\"name\":\"Blogs - Infinity Africa Ventures\",\"isPartOf\":{\"@id\":\"https:\\\/\\\/infinity-africa.ventures\\\/#website\"},\"primaryImageOfPage\":{\"@id\":\"https:\\\/\\\/infinity-africa.ventures\\\/blogs\\\/#primaryimage\"},\"image\":{\"@id\":\"https:\\\/\\\/infinity-africa.ventures\\\/blogs\\\/#primaryimage\"},\"thumbnailUrl\":\"https:\\\/\\\/infinity-africa.ventures\\\/wp-content\\\/uploads\\\/2024\\\/11\\\/IMAGE-ARTICLE-1.jpg\",\"datePublished\":\"2025-02-06T08:01:41+00:00\",\"dateModified\":\"2026-03-04T21:27:47+00:00\",\"breadcrumb\":{\"@id\":\"https:\\\/\\\/infinity-africa.ventures\\\/blogs\\\/#breadcrumb\"},\"inLanguage\":\"en-US\",\"potentialAction\":[{\"@type\":\"ReadAction\",\"target\":[\"https:\\\/\\\/infinity-africa.ventures\\\/blogs\\\/\"]}]},{\"@type\":\"ImageObject\",\"inLanguage\":\"en-US\",\"@id\":\"https:\\\/\\\/infinity-africa.ventures\\\/blogs\\\/#primaryimage\",\"url\":\"https:\\\/\\\/infinity-africa.ventures\\\/wp-content\\\/uploads\\\/2024\\\/11\\\/IMAGE-ARTICLE-1.jpg\",\"contentUrl\":\"https:\\\/\\\/infinity-africa.ventures\\\/wp-content\\\/uploads\\\/2024\\\/11\\\/IMAGE-ARTICLE-1.jpg\"},{\"@type\":\"BreadcrumbList\",\"@id\":\"https:\\\/\\\/infinity-africa.ventures\\\/blogs\\\/#breadcrumb\",\"itemListElement\":[{\"@type\":\"ListItem\",\"position\":1,\"name\":\"Accueil\",\"item\":\"https:\\\/\\\/infinity-africa.ventures\\\/\"},{\"@type\":\"ListItem\",\"position\":2,\"name\":\"Blogs\"}]},{\"@type\":\"WebSite\",\"@id\":\"https:\\\/\\\/infinity-africa.ventures\\\/#website\",\"url\":\"https:\\\/\\\/infinity-africa.ventures\\\/\",\"name\":\"Infinity Africa Ventures\",\"description\":\"\",\"publisher\":{\"@id\":\"https:\\\/\\\/infinity-africa.ventures\\\/#organization\"},\"potentialAction\":[{\"@type\":\"SearchAction\",\"target\":{\"@type\":\"EntryPoint\",\"urlTemplate\":\"https:\\\/\\\/infinity-africa.ventures\\\/?s={search_term_string}\"},\"query-input\":{\"@type\":\"PropertyValueSpecification\",\"valueRequired\":true,\"valueName\":\"search_term_string\"}}],\"inLanguage\":\"en-US\"},{\"@type\":\"Organization\",\"@id\":\"https:\\\/\\\/infinity-africa.ventures\\\/#organization\",\"name\":\"Infinity Africa Ventures\",\"url\":\"https:\\\/\\\/infinity-africa.ventures\\\/\",\"logo\":{\"@type\":\"ImageObject\",\"inLanguage\":\"en-US\",\"@id\":\"https:\\\/\\\/infinity-africa.ventures\\\/#\\\/schema\\\/logo\\\/image\\\/\",\"url\":\"https:\\\/\\\/infinity-africa.ventures\\\/wp-content\\\/uploads\\\/2024\\\/12\\\/Logo-Infinity-Africa-Ventures-e1769115356380.png\",\"contentUrl\":\"https:\\\/\\\/infinity-africa.ventures\\\/wp-content\\\/uploads\\\/2024\\\/12\\\/Logo-Infinity-Africa-Ventures-e1769115356380.png\",\"width\":117,\"height\":40,\"caption\":\"Infinity Africa Ventures\"},\"image\":{\"@id\":\"https:\\\/\\\/infinity-africa.ventures\\\/#\\\/schema\\\/logo\\\/image\\\/\"}}]}<\/script>\n<!-- \/ Yoast SEO plugin. -->","yoast_head_json":{"title":"Blogs - Infinity Africa Ventures","robots":{"index":"index","follow":"follow","max-snippet":"max-snippet:-1","max-image-preview":"max-image-preview:large","max-video-preview":"max-video-preview:-1"},"canonical":"https:\/\/infinity-africa.ventures\/en\/blogs\/","og_locale":"en_US","og_type":"article","og_title":"Blogs - Infinity Africa Ventures","og_description":"Dans un environnement o\u00f9 les marges d\u2019erreur sont faibles et les ressources limit\u00e9es, la technologie devient un facteur cl\u00e9 de diff\u00e9renciation pour les startups &hellip;","og_url":"https:\/\/infinity-africa.ventures\/en\/blogs\/","og_site_name":"Infinity Africa Ventures","article_modified_time":"2026-03-04T21:27:47+00:00","og_image":[{"url":"https:\/\/infinity-africa.ventures\/wp-content\/uploads\/2024\/11\/IMAGE-ARTICLE-1.jpg","type":"","width":"","height":""}],"twitter_card":"summary_large_image","twitter_misc":{"Est. reading time":"3 minutes"},"schema":{"@context":"https:\/\/schema.org","@graph":[{"@type":"WebPage","@id":"https:\/\/infinity-africa.ventures\/blogs\/","url":"https:\/\/infinity-africa.ventures\/blogs\/","name":"Blogs - Infinity Africa Ventures","isPartOf":{"@id":"https:\/\/infinity-africa.ventures\/#website"},"primaryImageOfPage":{"@id":"https:\/\/infinity-africa.ventures\/blogs\/#primaryimage"},"image":{"@id":"https:\/\/infinity-africa.ventures\/blogs\/#primaryimage"},"thumbnailUrl":"https:\/\/infinity-africa.ventures\/wp-content\/uploads\/2024\/11\/IMAGE-ARTICLE-1.jpg","datePublished":"2025-02-06T08:01:41+00:00","dateModified":"2026-03-04T21:27:47+00:00","breadcrumb":{"@id":"https:\/\/infinity-africa.ventures\/blogs\/#breadcrumb"},"inLanguage":"en-US","potentialAction":[{"@type":"ReadAction","target":["https:\/\/infinity-africa.ventures\/blogs\/"]}]},{"@type":"ImageObject","inLanguage":"en-US","@id":"https:\/\/infinity-africa.ventures\/blogs\/#primaryimage","url":"https:\/\/infinity-africa.ventures\/wp-content\/uploads\/2024\/11\/IMAGE-ARTICLE-1.jpg","contentUrl":"https:\/\/infinity-africa.ventures\/wp-content\/uploads\/2024\/11\/IMAGE-ARTICLE-1.jpg"},{"@type":"BreadcrumbList","@id":"https:\/\/infinity-africa.ventures\/blogs\/#breadcrumb","itemListElement":[{"@type":"ListItem","position":1,"name":"Accueil","item":"https:\/\/infinity-africa.ventures\/"},{"@type":"ListItem","position":2,"name":"Blogs"}]},{"@type":"WebSite","@id":"https:\/\/infinity-africa.ventures\/#website","url":"https:\/\/infinity-africa.ventures\/","name":"Infinity Africa Ventures","description":"","publisher":{"@id":"https:\/\/infinity-africa.ventures\/#organization"},"potentialAction":[{"@type":"SearchAction","target":{"@type":"EntryPoint","urlTemplate":"https:\/\/infinity-africa.ventures\/?s={search_term_string}"},"query-input":{"@type":"PropertyValueSpecification","valueRequired":true,"valueName":"search_term_string"}}],"inLanguage":"en-US"},{"@type":"Organization","@id":"https:\/\/infinity-africa.ventures\/#organization","name":"Infinity Africa Ventures","url":"https:\/\/infinity-africa.ventures\/","logo":{"@type":"ImageObject","inLanguage":"en-US","@id":"https:\/\/infinity-africa.ventures\/#\/schema\/logo\/image\/","url":"https:\/\/infinity-africa.ventures\/wp-content\/uploads\/2024\/12\/Logo-Infinity-Africa-Ventures-e1769115356380.png","contentUrl":"https:\/\/infinity-africa.ventures\/wp-content\/uploads\/2024\/12\/Logo-Infinity-Africa-Ventures-e1769115356380.png","width":117,"height":40,"caption":"Infinity Africa Ventures"},"image":{"@id":"https:\/\/infinity-africa.ventures\/#\/schema\/logo\/image\/"}}]}},"_hostinger_reach_plugin_has_subscription_block":false,"_hostinger_reach_plugin_is_elementor":false,"_links":{"self":[{"href":"https:\/\/infinity-africa.ventures\/en\/wp-json\/wp\/v2\/pages\/3016","targetHints":{"allow":["GET"]}}],"collection":[{"href":"https:\/\/infinity-africa.ventures\/en\/wp-json\/wp\/v2\/pages"}],"about":[{"href":"https:\/\/infinity-africa.ventures\/en\/wp-json\/wp\/v2\/types\/page"}],"author":[{"embeddable":true,"href":"https:\/\/infinity-africa.ventures\/en\/wp-json\/wp\/v2\/users\/1"}],"replies":[{"embeddable":true,"href":"https:\/\/infinity-africa.ventures\/en\/wp-json\/wp\/v2\/comments?post=3016"}],"version-history":[{"count":49,"href":"https:\/\/infinity-africa.ventures\/en\/wp-json\/wp\/v2\/pages\/3016\/revisions"}],"predecessor-version":[{"id":6958,"href":"https:\/\/infinity-africa.ventures\/en\/wp-json\/wp\/v2\/pages\/3016\/revisions\/6958"}],"wp:attachment":[{"href":"https:\/\/infinity-africa.ventures\/en\/wp-json\/wp\/v2\/media?parent=3016"}],"curies":[{"name":"wp","href":"https:\/\/api.w.org\/{rel}","templated":true}]}}